{"id":622,"date":"2017-10-12T10:16:50","date_gmt":"2017-10-12T09:16:50","guid":{"rendered":"http:\/\/www.achetezmoins.ch\/?page_id=622"},"modified":"2026-04-07T17:24:21","modified_gmt":"2026-04-07T16:24:21","slug":"ou-acheter-moins","status":"publish","type":"page","link":"https:\/\/www.achetezmoins.ch\/?page_id=622","title":{"rendered":"O\u00f9 trouver <i>Moins!<\/i>"},"content":{"rendered":"<p><i>Moins!<\/i> est distribu\u00e9 par Naville dans une majorit\u00e9 des kiosques de Suisse romande, au prix de 5 francs. En parall\u00e8le, notre journal est vendu dans divers points de vente ind\u00e9pendants, le plus souvent \u00e0 prix libre. Ces points de vente sont approvisionn\u00e9s \u00e0 chaque parution d&rsquo;un num\u00e9ro, de mani\u00e8re b\u00e9n\u00e9vole, par des membres de la r\u00e9daction et des lecteurs et lectrices. Si vous souhaitez distribuer <i>Moins!<\/i> dans un commerce ou un lieu associatif proche de chez vous, prenez contact avec nous par mail ou par t\u00e9l\u00e9phone et nous ferons le n\u00e9cessaire!<\/p>\n<h1>Canton de Berne<\/h1>\n<ul>\n<li><strong>Librairie Espace Noir<\/strong><br \/>\n<em>rue Francillon 29, 2610 Saint-Imier<\/em><\/li>\n<\/ul>\n<h1>Canton de Fribourg<\/h1>\n<ul>\n<li><strong>Atout Vrac<\/strong><br \/>\n<em>Grand-rue 10, 1700 Fribourg<\/em><\/li>\n<li><strong>Bliss restaurant<\/strong><br \/>\n<em>Rue du Pont-Suspendu 8, 1700 Fribourg<\/em><\/li>\n<li><strong>Ga\u00efa<\/strong>, alimentation biologique<br \/>\n<em>Rue Victor-Tissot 2, 1630 Bulle<\/em><\/li>\n<li><strong>Le Port de Fribourg<\/strong>, restaurant estival<br \/>\n<em>Planche-Inf\u00e9rieure 5, 1700 Fribourg<\/em><\/li>\n<li><strong>Le temps de vivre<\/strong>, galerie-caf\u00e9<br \/>\n<em>Rue de la cath\u00e9drale St-Nicolas 3, 1700 Fribourg<\/em><\/li>\n<li><strong>Librairie Albert LeGrand<\/strong><br \/>\n<em>Rue du temple 1, 1700 Fribourg<\/em><\/li>\n<li><strong>Petit Paradis<\/strong>, alimentation\u00a0biologique<br \/>\n<em>Place du Petit-Paradis 24, 1700 Fribourg<\/em><\/li>\n<\/ul>\n<h1>Canton de Gen\u00e8ve<\/h1>\n<ul>\n<li><strong>AMR &#8211; (Sud des Alpes)<\/strong><br \/>\n<em>10 Rue des Alpes, 1201 Gen\u00e8ve<\/em><\/li>\n<li><strong>Bar et restaurant La Jonquille<\/strong><br \/>\n<em>3 ch. du 23 Ao\u00fbt, 1205 Gen\u00e8ve<\/em><\/li>\n<li><strong>Chez Teresa<\/strong>, boulangerie<br \/>\n<em>62 Carle-Vogt, 1203 Gen\u00e8ve<\/em><\/li>\n<li><strong>Ernest bar<\/strong><br \/>\n<em>29 rue des Deux-Ponts , 1205 Gen\u00e8ve<\/em><\/li>\n<li><strong>Itopie informatique<\/strong><br \/>\n<em>Rue Lissignol 10 , 1201 Gen\u00e8ve<\/em><\/li>\n<li><strong>La Touvi\u00e8re<\/strong><br \/>\n<em>Route du Carre d&rsquo;Aval 10, 1252 Meinier<\/em><\/li>\n<li><strong>Le Nid &#8211; \u00c9picerie participative<\/strong><br \/>\n<em>3 Sentier des Saules, 1205 Gen\u00e8ve<\/em><\/li>\n<li><strong>Librairie du boulevard<\/strong><br \/>\n<em>Rue de Carouge 34, 1205 Gen\u00e8ve<\/em><\/li>\n<li><strong>Mag&rsquo;Grotte<\/strong>, magasin du monde<br \/>\n<em>Rue des Grottes 9, 1201 Gen\u00e8ve<\/em><\/li>\n<li><strong>Nature en Vrac<\/strong><br \/>\n<em>3 rue Leschot, 1205 Gen\u00e8ve<\/em><\/li>\n<li><strong>P\u00e9clot 13<\/strong>, atelier de la Jonction<br \/>\n<em>13 rue du 23 Ao\u00fbt, 1201 Gen\u00e8ve<\/em><\/li>\n<li><strong>SOUNDS Disques<\/strong><br \/>\n<em>8 av. du Mail, 1205 Gen\u00e8ve<\/em><\/li>\n<li><strong>Urgence disk \u00e0 l&rsquo;Usine<\/strong><br \/>\n<em>Place des Volontaires 4, 1204 Gen\u00e8ve<\/em><\/li>\n<\/ul>\n<h1>Canton du Jura<\/h1>\n<ul>\n<li><strong>La Vouivre<\/strong><br \/>\n<em>rue de la Gru\u00e8re 6 CP, 2350 Saignel\u00e9gier<\/em><\/li>\n<li><strong>Cave Saint-Germain<\/strong><br \/>\n<em>rue Saint-Germain 6, 2740 Moutier<\/em><\/li>\n<\/ul>\n<h1>Canton de Neuch\u00e2tel<\/h1>\n<ul>\n<li><strong>Coop\u00e9rative des Halles<\/strong><br \/>\n<em>Place des Halles 13, 2000 Neuch\u00e2tel<\/em><\/li>\n<li><strong>C\u00e9r\u00e8s<\/strong><br \/>\n<em>Place des Halles 5, 2000 Neuch\u00e2tel<\/em><\/li>\n<li><strong>Go Vrac<\/strong><br \/>\n<em>Rue des moulins 15, 2000 Neuch\u00e2tel<\/em><\/li>\n<li><strong>L&rsquo;Aubier SA<\/strong><br \/>\n<em>Murailles 5, 2037 Mont\u00e9zillon<\/em><\/li>\n<li><strong>La Mairie<\/strong><br \/>\n<em>Rue du Neubourg 20, 2000 Neuch\u00e2tel<\/em><\/li>\n<li><strong>La T\u00eate en Vrac<\/strong><br \/>\n<em>Rue des Chavannes 19, 2000 Neuch\u00e2tel<\/em><\/li>\n<li><strong>Une Petite Prose<\/strong><br \/>\n<em>Rue des Vermondins 16, 2017 Boudry <\/em><\/li>\n<\/ul>\n<h1>Canton du Valais<\/h1>\n<ul>\n<li><strong>Biblioth\u00e8que de Crans-Montana<\/strong><br \/>\n<em>Scandia Rue Centrale 7, 3963 Crans-Montana 2<\/em><\/li>\n<li><strong>Chez Mamie<\/strong><br \/>\n<em>Route de Verbier 13, 1934 Bagnes<\/em><\/li>\n<li><strong>Chez Mamie<\/strong><br \/>\n<em>Rue de la Drague 18, 1950 Sion<\/em><\/li>\n<li><strong>La Graine d&rsquo;Or<\/strong><br \/>\n<em>Grand-Rue 69, 1890 Saint-Maurice<\/em><\/li>\n<li><strong>Librairie du Baobab<\/strong><br \/>\n<em>Avenue de la Gare 42, 1920 Martigny<\/em><\/li>\n<li><strong>Magasins du Monde<\/strong><br \/>\n<em>Rue de la Porte-Neuve 14, 1950 Sion<\/em><\/li>\n<li><strong>M\u00e9diath\u00e8que Valais &#8211; Martigny<\/strong><br \/>\n<em>Avenue de la Gare 15, 1920 Martigny<\/em><\/li>\n<li><strong>M\u00e9diath\u00e8que Valais &#8211; Sion<\/strong><br \/>\n<em>Rue de Lausanne 45, 1950 Sion<\/em><\/li>\n<li><strong>M\u00e9diath\u00e8que Valais &#8211; St-Maurice<\/strong><br \/>\n<em>Avenue du Simplon 6 CP 17, 1890 Saint-Maurice<\/em><\/li>\n<li><strong>Nouvelle Terre<\/strong><br \/>\n<em>Rue du Grand-Verger 12, 1920 Martigny<\/em><\/li>\n<li><strong>Une Belle Histoire<\/strong><br \/>\n<em>Rue de Gottefrey 29, 1907 Saxon<\/em><\/li>\n<\/ul>\n<h1>Canton de Vaud<\/h1>\n<ul>\n<li><strong>Arthenia<\/strong>, boutique \u00e9thique<br \/>\n<em>Rue du Pr\u00e9-du-march\u00e9 13, 1004 Lausanne<\/em><\/li>\n<li><strong>Basta!<\/strong>, librairie autog\u00e9r\u00e9e et alternative<br \/>\n<em>Petit-Rocher 4, 1003 Lausanne<\/em><\/li>\n<li><strong>Epicerie Vrac<\/strong><br \/>\n<em>Place Pestalozzi 3, 1400 Yverdon-les-Bains<\/em><\/li>\n<li><strong>Les Jardins du Rocher<\/strong><br \/>\n<em>Chemin de l\u2019Auverney 85, 1814 La Tour-de-Peilz<\/em><\/li>\n<li><strong>La Brouette<\/strong>, \u00e9picerie coop\u00e9rative<br \/>\n<em>Av. d&rsquo;Echallens 79, 1004 Lausanne<\/em><\/li>\n<li><strong>Le Topinambour<\/strong>, \u00e9picerie bio<br \/>\n<em>Av. William-Fraisse 9, 1006 Lausanne<\/em><\/li>\n<li><strong>Librairie A travers les mots<\/strong><br \/>\n<em>Grand-Rue 63, 1180 Rolle<\/em><\/li>\n<li><strong>Librairie du Midi<\/strong><br \/>\n<em>Le Bourg, 1610 Oron-la-Ville<\/em><\/li>\n<li><strong>Librairie L&rsquo;\u00e9tage<\/strong><br \/>\n<em>Rue du Lac 44, 1400 Yverdon-les-Bains<\/em><\/li>\n<li><strong>P\u00f4le Sud<\/strong>, centre socioculturel<br \/>\n<em>Av. Jean-Jacques Mercier 3, 1003 Lausanne<\/em><\/li>\n<li><strong>Tournesol<\/strong><br \/>\n<em>Grand-Rue 31, 1180 Rolle<\/em><\/li>\n<\/ul>\n<h1>En France<\/h1>\n<ul>\n<li><strong>Librairie Quilombo<\/strong><br \/>\n<em>23 Rue Voltaire, 75011 Paris<\/em><\/li>\n<li><strong>Librairie La Gryffe<\/strong><br \/>\n<em>5 Rue S\u00e9bastien Gryphe, 69007 Lyon<\/em><\/li>\n<li><strong>Terra Nova<\/strong><br \/>\n<em>18 rue Gambetta, 31000 Toulouse<\/em><\/li>\n<li><strong>Terre des livres<\/strong><br \/>\n<em>86 rue de Marseille, 69007 Lyon<\/em><\/li>\n<\/ul>\n","protected":false},"excerpt":{"rendered":"<p>Moins! est distribu\u00e9 par Naville dans une majorit\u00e9 des kiosques de Suisse romande, au prix de 5 francs. En parall\u00e8le, notre journal est vendu dans [&#8230;]<\/p>\n","protected":false},"author":3,"featured_media":0,"parent":0,"menu_order":0,"comment_status":"closed","ping_status":"closed","template":"","meta":{"footnotes":""},"_links":{"self":[{"href":"https:\/\/www.achetezmoins.ch\/index.php?rest_route=\/wp\/v2\/pages\/622"}],"collection":[{"href":"https:\/\/www.achetezmoins.ch\/index.php?rest_route=\/wp\/v2\/pages"}],"about":[{"href":"https:\/\/www.achetezmoins.ch\/index.php?rest_route=\/wp\/v2\/types\/page"}],"author":[{"embeddable":true,"href":"https:\/\/www.achetezmoins.ch\/index.php?rest_route=\/wp\/v2\/users\/3"}],"replies":[{"embeddable":true,"href":"https:\/\/www.achetezmoins.ch\/index.php?rest_route=%2Fwp%2Fv2%2Fcomments&post=622"}],"version-history":[{"count":69,"href":"https:\/\/www.achetezmoins.ch\/index.php?rest_route=\/wp\/v2\/pages\/622\/revisions"}],"predecessor-version":[{"id":1217,"href":"https:\/\/www.achetezmoins.ch\/index.php?rest_route=\/wp\/v2\/pages\/622\/revisions\/1217"}],"wp:attachment":[{"href":"https:\/\/www.achetezmoins.ch\/index.php?rest_route=%2Fwp%2Fv2%2Fmedia&parent=622"}],"curies":[{"name":"wp","href":"https:\/\/api.w.org\/{rel}","templated":true}]}}